{"id":2,"date":"2022-01-28T09:30:25","date_gmt":"2022-01-28T08:30:25","guid":{"rendered":"http:\/\/www.camagris.blog\/?page_id=2"},"modified":"2022-02-01T16:58:47","modified_gmt":"2022-02-01T15:58:47","slug":"camagris-pieces-tracteurs","status":"publish","type":"page","link":"https:\/\/www.camagris.blog\/index.php\/camagris-pieces-tracteurs\/","title":{"rendered":"Pi\u00e8ces d\u00e9tach\u00e9es pour tracteurs"},"content":{"rendered":"\n<p>Camagris, sp\u00e9cialiste de la pi\u00e8ce agricole depuis 2009 vous propose une large gamme de pi\u00e8ces pour tracteurs agricoles.<\/p>\n\n\n\n<blockquote class=\"wp-block-quote is-layout-flow wp-block-quote-is-layout-flow\"><p>Nous proposons sur notre site de vente en ligne <a href=\"https:\/\/www.cam-agri-parts.fr\/fr\/\">www.cam-agri-parts.fr <\/a> des pi\u00e8ces d\u00e9tach\u00e9es pour tracteurs John Deere, Case IH, New Holland, Massey Ferguson, Claas, Renault, Fendt, Valtra, Valmet, Deutz, Same, Lamborghini, Hurlimann, Lindner, Landini, Mc Cormick, Zetor, Ford, Fiat, Someca&#8230;<\/p><\/blockquote>\n\n\n\n<p><\/p>\n\n\n\n<blockquote class=\"wp-block-quote is-layout-flow wp-block-quote-is-layout-flow\"><p>La soci\u00e9t\u00e9 Camagris a \u00e9t\u00e9 cr\u00e9\u00e9e en 2009, et n\u2019a cess\u00e9 de proposer aux agriculteurs, entrepreneurs de travaux agricoles et forestiers, CUMA, garages agricoles des pi\u00e8ces de qualit\u00e9 au meilleur prix. Situ\u00e9e \u00e0 Gaillac dans le Tarn, Camagris poss\u00e8de plus de 25000 r\u00e9f\u00e9rences diff\u00e9rentes de pi\u00e8ces agricoles en stock sur une surface de plus de 5000 m2.<\/p><\/blockquote>\n\n\n\n<p><\/p>\n\n\n\n<figure class=\"wp-block-image size-full\"><img loading=\"lazy\" decoding=\"async\" width=\"640\" height=\"480\" src=\"http:\/\/www.camagris.blog\/wp-content\/uploads\/2022\/01\/IMG_6916-2-Medium.jpeg\" alt=\"\" class=\"wp-image-39\" srcset=\"https:\/\/www.camagris.blog\/wp-content\/uploads\/2022\/01\/IMG_6916-2-Medium.jpeg 640w, https:\/\/www.camagris.blog\/wp-content\/uploads\/2022\/01\/IMG_6916-2-Medium-300x225.jpeg 300w\" sizes=\"auto, (max-width: 640px) 100vw, 640px\" \/><\/figure>\n","protected":false},"excerpt":{"rendered":"<p>Camagris, sp\u00e9cialiste de la pi\u00e8ce agricole depuis 2009 vous propose une large gamme de pi\u00e8ces pour tracteurs agricoles. Nous proposons sur notre site de vente en ligne www.cam-agri-parts.fr des pi\u00e8ces d\u00e9tach\u00e9es pour tracteurs John Deere, Case IH, New Holland, Massey Ferguson, Claas, Renault, Fendt, Valtra, Valmet, Deutz, Same, Lamborghini, Hurlimann, Lindner, Landini, Mc Cormick, Zetor, [&hellip;]<\/p>\n","protected":false},"author":1,"featured_media":0,"parent":0,"menu_order":0,"comment_status":"closed","ping_status":"open","template":"","meta":{"footnotes":""},"class_list":["post-2","page","type-page","status-publish","hentry"],"_links":{"self":[{"href":"https:\/\/www.camagris.blog\/index.php\/wp-json\/wp\/v2\/pages\/2","targetHints":{"allow":["GET"]}}],"collection":[{"href":"https:\/\/www.camagris.blog\/index.php\/wp-json\/wp\/v2\/pages"}],"about":[{"href":"https:\/\/www.camagris.blog\/index.php\/wp-json\/wp\/v2\/types\/page"}],"author":[{"embeddable":true,"href":"https:\/\/www.camagris.blog\/index.php\/wp-json\/wp\/v2\/users\/1"}],"replies":[{"embeddable":true,"href":"https:\/\/www.camagris.blog\/index.php\/wp-json\/wp\/v2\/comments?post=2"}],"version-history":[{"count":5,"href":"https:\/\/www.camagris.blog\/index.php\/wp-json\/wp\/v2\/pages\/2\/revisions"}],"predecessor-version":[{"id":54,"href":"https:\/\/www.camagris.blog\/index.php\/wp-json\/wp\/v2\/pages\/2\/revisions\/54"}],"wp:attachment":[{"href":"https:\/\/www.camagris.blog\/index.php\/wp-json\/wp\/v2\/media?parent=2"}],"curies":[{"name":"wp","href":"https:\/\/api.w.org\/{rel}","templated":true}]}}